{"id":91,"date":"2023-04-03T19:29:59","date_gmt":"2023-04-03T17:29:59","guid":{"rendered":"https:\/\/consolatozurigo.esteri.it\/?page_id=91"},"modified":"2023-09-24T11:24:38","modified_gmt":"2023-09-24T08:24:38","slug":"autoveicoli-e-patenti-di-guida","status":"publish","type":"page","link":"https:\/\/conserbil.esteri.it\/it\/servizi-consolari-e-visti\/servizi-per-il-cittadino-italiano\/autoveicoli-e-patenti-di-guida\/","title":{"rendered":"Patenti di guida"},"content":{"rendered":"<header class=\"entry-header\">\n<h1 class=\"entry-title h3\">Patenti di guida<\/h1>\n<\/header>\n<div class=\"entry-content\">\n<p><strong>RINNOVO DI VALIDITA\u2019 DELLE PATENTI ITALIANE DI GUIDA PER I CITTADINI ITALIANI RESIDENTI ALL\u2019ESTERO<\/strong><\/p>\n<p>I cittadini italiani residenti o dimoranti per un periodo di almeno 6 mesi in Paesi extra UE possono ottenere presso le competenti Autorit\u00e0 diplomatico-consolari italiane la conferma della validit\u00e0 della loro patente italiana, purch\u00e9 di categoria A e B, scaduta da non pi\u00f9 di tre anni e non rientrante nei casi previsti all\u2019art. 119, commi 2-bis e 4 del Codice della Strada.<br \/>\nPer ottenere il rinnovo della patente, l\u2019interessato dovr\u00e0:<\/p>\n<p>a) farsi rilasciare dal medico di fiducia del Consolato d\u2019Italia a Erbil, Dr. Faiq Braymok Sarok, un certificato medico che avr\u00e0 validit\u00e0 <strong>di tre mesi<\/strong>.<\/p>\n<p>La prenotazione della visita medica e la corresponsione direttamente al sanitario dell\u2019onorario dovuto, sono a carico dei connazionali interessati.<\/p>\n<p>b) presentare detto certificato medico al Consolato d\u2019Italia a Erbil insieme alla <a href=\"https:\/\/ambteheran.esteri.it\/wp-content\/uploads\/2023\/06\/domanda_rinnovo_patente_guida.doc\">DOMANDA DI RINNOVO DELLA PATENTE DI GUIDA<\/a>.<\/p>\n<p>c) sulla base della presentazione della patente scaduta, accompagnata dalla certificazione medica, l\u2019Ambasciata rilascia un\u2019attestazione di rinnovo della patente per il periodo indicato dall\u2019art. 126 del Codice della Strada, in base alla categoria della patente medesima ed all\u2019et\u00e0 del titolare.<br \/>\nMunita di tale attestazione, la patente \u00e8 valida, fino a scadenza, sia in Italia che all\u2019estero.<\/p>\n<p>All\u2019atto del rilascio dell\u2019attestazione saranno riscossi i diritti consolari.<\/p>\n<p>d) Se l\u2019interessato rientra definitivamente in Italia, occorrer\u00e0 provvedere a rinnovare nuovamente la patente di guida presso gli uffici italiani competenti per luogo di residenza.<\/p>\n<\/div>\n","protected":false},"excerpt":{"rendered":"Patenti di guida RINNOVO DI VALIDITA\u2019 DELLE PATENTI ITALIANE DI GUIDA PER I CITTADINI ITALIANI RESIDENTI ALL\u2019ESTERO I cittadini italiani residenti o dimoranti per un periodo di almeno 6 mesi in Paesi extra UE possono ottenere presso le competenti Autorit\u00e0 diplomatico-consolari italiane la conferma della validit\u00e0 della loro patente italiana, purch\u00e9 di categoria A e [&hellip;]","protected":false},"author":1,"featured_media":0,"parent":59,"menu_order":16,"comment_status":"closed","ping_status":"closed","template":"","meta":{"footnotes":""},"class_list":["post-91","page","type-page","status-publish","hentry"],"_links":{"self":[{"href":"https:\/\/conserbil.esteri.it\/it\/wp-json\/wp\/v2\/pages\/91","targetHints":{"allow":["GET"]}}],"collection":[{"href":"https:\/\/conserbil.esteri.it\/it\/wp-json\/wp\/v2\/pages"}],"about":[{"href":"https:\/\/conserbil.esteri.it\/it\/wp-json\/wp\/v2\/types\/page"}],"author":[{"embeddable":true,"href":"https:\/\/conserbil.esteri.it\/it\/wp-json\/wp\/v2\/users\/1"}],"replies":[{"embeddable":true,"href":"https:\/\/conserbil.esteri.it\/it\/wp-json\/wp\/v2\/comments?post=91"}],"version-history":[{"count":1,"href":"https:\/\/conserbil.esteri.it\/it\/wp-json\/wp\/v2\/pages\/91\/revisions"}],"predecessor-version":[{"id":566,"href":"https:\/\/conserbil.esteri.it\/it\/wp-json\/wp\/v2\/pages\/91\/revisions\/566"}],"up":[{"embeddable":true,"href":"https:\/\/conserbil.esteri.it\/it\/wp-json\/wp\/v2\/pages\/59"}],"wp:attachment":[{"href":"https:\/\/conserbil.esteri.it\/it\/wp-json\/wp\/v2\/media?parent=91"}],"curies":[{"name":"wp","href":"https:\/\/api.w.org\/{rel}","templated":true}]}}