{"id":67,"date":"2023-04-03T19:27:59","date_gmt":"2023-04-03T17:27:59","guid":{"rendered":"https:\/\/consolatozurigo.esteri.it\/?page_id=67"},"modified":"2023-09-25T11:30:35","modified_gmt":"2023-09-25T08:30:35","slug":"passaporti-e-carte-didentita","status":"publish","type":"page","link":"https:\/\/conserbil.esteri.it\/it\/servizi-consolari-e-visti\/servizi-per-il-cittadino-italiano\/passaporti-e-carte-didentita\/","title":{"rendered":"Passaporti"},"content":{"rendered":"<header class=\"entry-header\">\n<h1 class=\"entry-title h3\"><\/h1>\n<\/header>\n<div class=\"entry-content\">\n<p>Il passaporto non \u00e8 rinnovabile. In prossimit\u00e0 della scadenza (non prima di 6 mesi dalla data di scadenza), di deterioramento, quando si ha documentata necessit\u00e0 di un passaporto con validit\u00e0 residua superiore a 6 mesi o quando l\u2019attuale passaporto non contiene pagine sufficienti per l\u2019apposizione di visti \u00e8 possibile richiederne uno nuovo prenotando un appuntamento tramite email a: <span style=\"color: #0000ff;\">erbil.consolato@esteri.it<\/span><\/p>\n<p>In caso di passaporti rubati o smarriti, la Cancelleria consolare deve darne notizia alle Autorit\u00e0 di Polizia in Italia.<\/p>\n<p>TEMPI<\/p>\n<p>L\u2019iscrizione all\u2019AIRE velocizza i tempi di rilascio. Prima di richiedere l\u2019emissione del passaporto, si raccomanda di verificare di avere regolarizzato la propria posizione di stato civile (eventuali matrimoni o nascite di figli).<\/p>\n<p>Chi non \u00e8 iscritto all\u2019AIRE potrebbe invece dover attendere fino a 30 giorni a causa delle autorizzazioni che per legge devono esserci inviate dalle competenti Autorit\u00e0 italiane.<\/p>\n<p>Si ricorda che chi risiede o intende risiedere all\u2019estero per almeno 12 mesi ha l\u2019obbligo di iscriversi all\u2019AIRE.<\/p>\n<p>TARIFFA<\/p>\n<p>L\u2019importo da pagare \u00e8 consultabile e` di<span style=\"color: #0000ff;\"> Usd 117<\/span>\u00a0Il pagamento pu\u00f2 essere effettuato soltanto in contanti. Si suggerisce di portare all\u2019appuntamento l\u2019importo esatto.<\/p>\n<p>COSA PORTARE ALL\u2019APPUNTAMENTO<\/p>\n<p>All\u2019appuntamento occorre portare:<\/p>\n<p>passaporto italiano scaduto o in scadenza o, se il richiedente non ne ha mai posseduto uno, un altro documento d\u2019identit\u00e0 attuale (passaporto di altro Paese, patente di guida, carta d\u2019identit\u00e0);<\/p>\n<p>per neonati e minorenni sprovvisti: certificato di nascita;<\/p>\n<p>due fotografie formato tessera, a colori e recente (acquisita da non oltre 6 mesi),<a href=\"https:\/\/ambteheran.esteri.it\/wp-content\/uploads\/2023\/06\/21034_f_DatiBiometriciindicazioniicao2.pdf\">\u00a0<span style=\"color: #0000ff;\">con sfondo bianco e conforme agli standard ICAO (dimensioni 35\u00d745 mm, viso frontale e centrato, espressione neutra, occhi aperti, bocca chiusa);<\/span><\/a><\/p>\n<p>atto di assenso, laddove necessario (<span style=\"color: #0000ff;\">\u00a0<a style=\"color: #0000ff;\" href=\"https:\/\/conserbil.esteri.it\/wp-content\/uploads\/2023\/09\/ATTO-ASSENSO.docx\">v. sotto<\/a>\u00a0)<\/span>.<\/p>\n<p>PASSAPORTO A GENITORI DI FIGLI MINORENNI<\/p>\n<p>Per ottenere il passaporto, tutti i richiedenti che abbiano figli minorenni, devono inoltre presentare un atto d\u2019assenso (v. sotto), firmato dall\u2019altro genitore e accompagnato da copia di un valido documento d\u2019identit\u00e0 del predetto genitore.<\/p>\n<p>PASSAPORTO A MINORENNI<\/p>\n<p>\u00c8 preferibile che la richiesta venga formulata da entrambi i genitori. Il genitore che non potesse presentarsi in Consolato per firmare congiuntamente la richiesta di passaporto deve obbligatoriamente produrre un apposito documento, chiamato atto d\u2019assenso, debitamente compilato, datato e firmato in data recente.<\/p>\n<p>Se il minore \u00e8 nato in Iraq e il certificato di nascita non \u00e8 ancora stato consegnato al Consolato per l\u2019obbligatoria trascrizione in Italia, prima di richiedere il passaporto i genitori devono presentare al Consolato detto certificato in originale e tradotto in italiano da un traduttore ufficiale.<\/p>\n<p>All\u2019appuntamento devono presentarsi tutti i richiedenti con 12 anni compiuti.<\/p>\n<p>Per consentire la dovuta identificazione, i minori di anni 12 che fossero sprovvisti di altro passaporto devono anch\u2019essi necessariamente presentarsi all\u2019appuntamento.<\/p>\n<p><a name=\"Assenso\"><\/a><\/p>\n<p>ATTO DI ASSENSO<\/p>\n<p>Per cittadini italiani e degli altri Stati appartenenti all\u2019Unione Europea: invio per e-mail alla casella <a href=\"mailto:erbil.consolato@esteri.it\" target=\"_blank\" rel=\"noopener\">erbil.consolato@esteri.it<\/a>\u00a0ovvero firma\/consegna allo sportello, insieme a fotocopia di documento d\u2019identit\u00e0 con firma chiaramente visibile.<\/p>\n<p>Per i cittadini dei Paesi extra-UE:\u00a0la\u00a0firma\u00a0va autenticata o\u00a0allo sportello durante l\u2019appuntamento\u00a0oppure precedentemente presso l\u2019Ufficio consolare competente o la Questura, se residenti in Italia.<\/p>\n<p>Le istanze prive dell\u2019atto d\u2019assenso o comunque incomplete non potranno essere accolte e il richiedente dovr\u00e0 tornare in Consolato con tutta la documentazione necessaria, dopo aver ottenuto un nuovo appuntamento.<\/p>\n<p>DICHIARAZIONE DI ACCOMPAGNAMENTO MINORI DI 14 ANNI<\/p>\n<p>I minori italiani fino al compimento dei 14 anni possono viaggiare a condizione che siano accompagnati da almeno un genitore. Se affidato ad una compagnia di viaggio o a persone che non siano i genitori bisogna richiedere all\u2019Ufficio consolare o all\u2019Ufficio Passaporti della Questura\u00a0<a class=\"\" href=\"https:\/\/ambteheran.esteri.it\/wp-content\/uploads\/2023\/06\/modulo_dichiarazione_accompagnamento_minore.doc\" data-focus-mouse=\"false\">la dichiarazione di accompagnamento per minori di 14 anni<\/a>.<\/p>\n<p>VALIDIT\u00c0<\/p>\n<p>La validit\u00e0 del passaporto italiano dipende dall\u2019et\u00e0 del titolare nel giorno del rilascio:<\/p>\n<p>adulti: 10 anni;<\/p>\n<p>minori fra 3 a 18 anni: 5 anni;<\/p>\n<p>minori di et\u00e0 inferiore a 3 anni: 3 anni.<\/p>\n<\/div>\n","protected":false},"excerpt":{"rendered":"Il passaporto non \u00e8 rinnovabile. In prossimit\u00e0 della scadenza (non prima di 6 mesi dalla data di scadenza), di deterioramento, quando si ha documentata necessit\u00e0 di un passaporto con validit\u00e0 residua superiore a 6 mesi o quando l\u2019attuale passaporto non contiene pagine sufficienti per l\u2019apposizione di visti \u00e8 possibile richiederne uno nuovo prenotando un appuntamento [&hellip;]","protected":false},"author":1,"featured_media":0,"parent":59,"menu_order":0,"comment_status":"closed","ping_status":"closed","template":"","meta":{"footnotes":""},"class_list":["post-67","page","type-page","status-publish","hentry"],"_links":{"self":[{"href":"https:\/\/conserbil.esteri.it\/it\/wp-json\/wp\/v2\/pages\/67","targetHints":{"allow":["GET"]}}],"collection":[{"href":"https:\/\/conserbil.esteri.it\/it\/wp-json\/wp\/v2\/pages"}],"about":[{"href":"https:\/\/conserbil.esteri.it\/it\/wp-json\/wp\/v2\/types\/page"}],"author":[{"embeddable":true,"href":"https:\/\/conserbil.esteri.it\/it\/wp-json\/wp\/v2\/users\/1"}],"replies":[{"embeddable":true,"href":"https:\/\/conserbil.esteri.it\/it\/wp-json\/wp\/v2\/comments?post=67"}],"version-history":[{"count":4,"href":"https:\/\/conserbil.esteri.it\/it\/wp-json\/wp\/v2\/pages\/67\/revisions"}],"predecessor-version":[{"id":584,"href":"https:\/\/conserbil.esteri.it\/it\/wp-json\/wp\/v2\/pages\/67\/revisions\/584"}],"up":[{"embeddable":true,"href":"https:\/\/conserbil.esteri.it\/it\/wp-json\/wp\/v2\/pages\/59"}],"wp:attachment":[{"href":"https:\/\/conserbil.esteri.it\/it\/wp-json\/wp\/v2\/media?parent=67"}],"curies":[{"name":"wp","href":"https:\/\/api.w.org\/{rel}","templated":true}]}}