{"id":568,"date":"2023-09-24T12:01:38","date_gmt":"2023-09-24T09:01:38","guid":{"rendered":"https:\/\/conserbil.esteri.it\/?page_id=568"},"modified":"2024-05-30T12:17:18","modified_gmt":"2024-05-30T09:17:18","slug":"dichiarazione-di-valore","status":"publish","type":"page","link":"https:\/\/conserbil.esteri.it\/it\/servizi-consolari-e-visti\/servizi-per-il-cittadino-straniero\/dichiarazione-di-valore\/","title":{"rendered":"Dichiarazione di Valore"},"content":{"rendered":"<header class=\"entry-header\">\n<h1 class=\"entry-title h3\">Dichiarazione di Valore (DVL)<\/h1>\n<\/header>\n<div class=\"entry-content\">\n<p>I titoli di studio conseguiti all\u2019estero non sono automaticamente riconosciuti in Italia in quanto dev\u2019essere prima accertata la loro equivalenza rispetto agli analoghi titoli del medesimo livello rilasciati in Italia (es. Diploma di Scuola Media, Diploma di Scuola Superiore, Diploma di Laurea, ecc.).<\/p>\n<p>Chiunque intendesse ottenere l\u2019equivalenza di titoli conseguiti presso Istituzioni scolastiche o accademiche in Kurdistan rispetto ad analoghi titoli rilasciati in Italia, ovvero iscriversi a un\u2019Universit\u00e0 in Italia sulla base di siffatti titoli, deve prima ottenere un documento denominato \u201cdichiarazione di valore in loco\u201d (DVL), con specifico riferimento ai titoli conseguiti.<br \/>\nLa DVL non \u00e8 un riconoscimento vero e proprio ma \u00e8 propedeutica per il successivo ottenimento del predetto mediante richiesta di equipollenza, operazione effettuabile esclusivamente rivolgendosi al MIUR, in Italia.<\/p>\n<p>In caso di iscrizione universitaria, si suggerisce in ogni caso agli interessati di contattare preliminarmente l\u2019ateneo in questione per informarsi in merito agli specifici requisiti da possedere per ottenere l\u2019iscrizione.<\/p>\n<p>Per chiedere una DVL occorre presentarsi in Consolato e portare con s\u00e9 quanto segue:<\/p>\n<p>1 \u2013 modulo di richiesta di dichiarazione di valore;<\/p>\n<p>2 \u2013 diploma\/certificato di laurea o altro titolo conseguito e relativa pagella, tradotti in italiano e muniti di timbro e firma del Ministero degli Affari Esteri e del Ministero della Giustizia. Si prega di portare con s\u00e9 anche una copia della documentazione;<\/p>\n<p>3 \u2013 copia di eventuali altri titoli scolastici e accademici conseguiti, propedeutici rispetto al titolo per cui si chiede la dichiarazione di valore. Per siffatti titoli non \u00e8 necessaria n\u00e9 la traduzione n\u00e9 il timbro e la firma del Ministero degli Affari Esteri e del Ministero della Giustizia;<\/p>\n<p>4 \u2013 copia della prima pagina del proprio passaporto;<\/p>\n<p>5 \u2013 nel caso la DVL venga chiesta per motivi di studio, lettera di conferma dell\u2019ammissione universitaria da scaricare dal portale Universitaly.<br \/>\nIn caso di motivi di lavoro, lettera di assunzione\/contratto del datore di lavoro;<\/p>\n<p>6 \u2013 copia del permesso di soggiorno, ove posseduto.<\/p>\n<p>Il costo di questo servizio \u00e8 correlato alla finalit\u00e0 del documento (studio o lavoro) e al numero di traduzioni da dichiarare conformi.<\/p>\n<p><a href=\"https:\/\/conserbil.esteri.it\/wp-content\/uploads\/2024\/05\/Modulo-richiesta-dichiarazione-di-valore.docx\">Modulo di richiesta di dichiarazione di valore<\/a><\/p>\n<\/div>\n","protected":false},"excerpt":{"rendered":"Dichiarazione di Valore (DVL) I titoli di studio conseguiti all\u2019estero non sono automaticamente riconosciuti in Italia in quanto dev\u2019essere prima accertata la loro equivalenza rispetto agli analoghi titoli del medesimo livello rilasciati in Italia (es. Diploma di Scuola Media, Diploma di Scuola Superiore, Diploma di Laurea, ecc.). Chiunque intendesse ottenere l\u2019equivalenza di titoli conseguiti presso [&hellip;]","protected":false},"author":3,"featured_media":0,"parent":62,"menu_order":0,"comment_status":"closed","ping_status":"closed","template":"","meta":{"footnotes":""},"class_list":["post-568","page","type-page","status-publish","hentry"],"_links":{"self":[{"href":"https:\/\/conserbil.esteri.it\/it\/wp-json\/wp\/v2\/pages\/568","targetHints":{"allow":["GET"]}}],"collection":[{"href":"https:\/\/conserbil.esteri.it\/it\/wp-json\/wp\/v2\/pages"}],"about":[{"href":"https:\/\/conserbil.esteri.it\/it\/wp-json\/wp\/v2\/types\/page"}],"author":[{"embeddable":true,"href":"https:\/\/conserbil.esteri.it\/it\/wp-json\/wp\/v2\/users\/3"}],"replies":[{"embeddable":true,"href":"https:\/\/conserbil.esteri.it\/it\/wp-json\/wp\/v2\/comments?post=568"}],"version-history":[{"count":3,"href":"https:\/\/conserbil.esteri.it\/it\/wp-json\/wp\/v2\/pages\/568\/revisions"}],"predecessor-version":[{"id":1070,"href":"https:\/\/conserbil.esteri.it\/it\/wp-json\/wp\/v2\/pages\/568\/revisions\/1070"}],"up":[{"embeddable":true,"href":"https:\/\/conserbil.esteri.it\/it\/wp-json\/wp\/v2\/pages\/62"}],"wp:attachment":[{"href":"https:\/\/conserbil.esteri.it\/it\/wp-json\/wp\/v2\/media?parent=568"}],"curies":[{"name":"wp","href":"https:\/\/api.w.org\/{rel}","templated":true}]}}