{"id":320,"date":"2023-07-26T17:12:25","date_gmt":"2023-07-26T14:12:25","guid":{"rendered":"https:\/\/conserbil.esteri.it\/?page_id=320"},"modified":"2023-09-25T17:19:22","modified_gmt":"2023-09-25T14:19:22","slug":"informazioni-specifiche-su-procedure-locali","status":"publish","type":"page","link":"https:\/\/conserbil.esteri.it\/it\/servizi-consolari-e-visti\/servizi-per-il-cittadino-straniero\/visti\/informazioni-specifiche-su-procedure-locali\/","title":{"rendered":"Informazioni specifiche su procedure locali"},"content":{"rendered":"<p><strong>CONTATTI DELL\u2019UFFICIO VISTI<\/strong><\/p>\n<p>Si pu\u00f2 entrare in contatto telefonico con l\u2019Ufficio Visti tutti i giorni, dalla domenica al gioved\u00ec, dalle ore 9.00 alle ore 16.00, tramite il centralino del Consolato al numero: +964.66.2101990\/2. Si suggerisce tuttavia di ricorrere, prioritariamente, alla posta elettronica all\u2019indirizzo: <a href=\"mailto:erbil.visti@esteri.it\">erbil.visti@esteri.it<\/a>.<\/p>\n<p>&nbsp;<\/p>\n<p><strong>APERTURA AL PUBBLICO<\/strong><\/p>\n<p><strong>L\u2019Ufficio riceve solo per appuntamento tutti i giorni, dalla domenica al gioved\u00ec, dalle ore 9.00 alle ore 13.00. Gli appuntamenti sono fissati gratuitamente.<\/strong><\/p>\n<p>&nbsp;<\/p>\n<p><strong>ATTENZIONE<\/strong><\/p>\n<p><strong>Il Consolato d&#8217;Italia a Erbil pu\u00f2 trattare domande di visto esclusivamente da parte di residenti nella Regione Autonoma del Kurdistan, circoscrizione di propria competenza, a condizione che l\u2019Italia sia l\u2019effettiva destinazione (o principale destinazione) del viaggio dei richiedenti.<\/strong><\/p>\n<p>&nbsp;<\/p>\n<p><strong>APPUNTAMENTI<\/strong><\/p>\n<p>Gli utenti, residenti nella Regione Autonoma del Kurdistan, che intendano presentare una domanda di visto, devono richiedere un appuntamento inviando una richiesta via posta elettronica all\u2019indirizzo <a href=\"mailto:erbil.visti@esteri.it\">erbil.visti@esteri.it<\/a>, comunicando le seguenti informazioni:<\/p>\n<p>&#8211; i dati anagrafici completi propri e quelli degli eventuali familiari che intendano presentare la domanda di visto col richiedente;<\/p>\n<p>&#8211; la loro occupazione;<\/p>\n<p>&#8211; l\u2019indirizzo ed il recapito telefonico;<\/p>\n<p>&#8211; il motivo e la destinazione del viaggio in Italia;<\/p>\n<p>&#8211; la data d\u2019inizio e la durata del viaggio.<\/p>\n<p>Con la richiesta di appuntamento, si prega inoltre di inviare una copia del proprio passaporto ed eventuali inviti da parte di persone o societ\u00e0 residenti in Italia (nel caso di visite a familiari ovvero viaggi affari o per la partecipazione ad eventi particolari).<\/p>\n<p>L\u2019appuntamento va richiesto con largo anticipo rispetto alla data prevista per il viaggio, tenendo presente che la disponibilit\u00e0 del calendario \u00e8 limitata e che i tempi di trattazione delle domande sono di almeno due settimane dalla presentazione della documentazione completa.<\/p>\n<p>Analogamente, devono chiedere un appuntamento anche le persone che intendano avere solo un colloquio con l\u2019Ufficio Visti.<\/p>\n<p>&nbsp;<\/p>\n<p><strong>EVITARE LE ATTIVIT\u00c0 ESTERNE DI INTERMEDIAZIONE<\/strong><\/p>\n<p>Si segnalano attivit\u00e0 esterne non autorizzate dal Consolato, di agenzie o soggetti privati che si pongono come intermediari per la prenotazione di appuntamenti e per la preparazione delle domande di visto.\u00a0 Si informa che questo Consolato \u00e8 fermamente contrario a tali attivit\u00e0, spesso illegale, che costa agli utenti spese aggiunte immotivate e che pu\u00f2 contribuire alla mancata accettazione delle domande di visto.<\/p>\n<p><u>Si invitano gli utenti ad evitare il ricorso a detti intermediari ed a provvedere autonomamente sia alla prenotazione di appuntamenti, sia alla predisposizione dei documenti necessari alla presentazione della domanda<\/u>, che non ha costi aggiuntivi a quelli delle percezioni consolari, indicate qui di seguito. Il Consolato \u00e8 a disposizione dell\u2019utenza per le informazioni necessarie.<\/p>\n<p>&nbsp;<\/p>\n<p><strong>COSTO DEI VISTI<\/strong><\/p>\n<p>L&#8217;importo delle percezioni consolari per il trattamento della domanda di visto (<a href=\"https:\/\/conserbil.esteri.it\/wp-content\/uploads\/2023\/09\/VISA-FEES-sett-2023.doc\">si veda qui la lista<\/a>), deve essere corrisposto al momento della presentazione della domanda, in dollari americani contanti e possibilmente dell\u2019importo esatto necessario.\u00a0 Detto importo verr\u00e0\u00a0introitato anche nel caso di rifiuto del visto\u00a0in quanto esso non \u00e8 dovuto per l\u2019emissione del visto ma per la trattazione amministrativa della pratica.<\/p>\n<p>&nbsp;<\/p>\n<p><strong>DOCUMENTAZIONE RICHIESTA PER LE PRINCIPALI CATEGORIE DI VISTO (in inglese, curdo e italiano):<\/strong><\/p>\n<ul>\n<li><a href=\"https:\/\/conserbil.esteri.it\/wp-content\/uploads\/2023\/07\/TURISMO-requisiti-ITA-ENG.odt\"><u>TURISMO<\/u><\/a><\/li>\n<li><a href=\"https:\/\/conserbil.esteri.it\/wp-content\/uploads\/2023\/07\/TURISMO-FAM-UE.odt\"><u>TURISMO, familiari cittadini italiani e UE<\/u><\/a><\/li>\n<li><a href=\"https:\/\/conserbil.esteri.it\/wp-content\/uploads\/2023\/07\/AFFARI-requisiti-ITA-ENG.odt\"><u>AFFARI<\/u><\/a><\/li>\n<li><a href=\"https:\/\/conserbil.esteri.it\/wp-content\/uploads\/2023\/07\/MOTIVI-FAMILIARI-ricongiungimento-NON-UE.odt\"><u>MOTIVI FAMILIARI per ricongiungimento <\/u><\/a><\/li>\n<li><a href=\"https:\/\/conserbil.esteri.it\/wp-content\/uploads\/2023\/07\/MOTIVI-FAMILIARI-UE.odt\"><u>MOTIVI FAMILIARI per ricongiungimento con cittadini italiani e UE<\/u><\/a><\/li>\n<li><a href=\"https:\/\/conserbil.esteri.it\/wp-content\/uploads\/2023\/07\/STUDIO.odt\"><u>STUDIO Generico<\/u><\/a><\/li>\n<li><a href=\"https:\/\/conserbil.esteri.it\/wp-content\/uploads\/2023\/07\/STUDIO-UNIVERSITA.odt\"><u>STUDIO immatricolazione universit\u00e0<\/u><\/a><\/li>\n<li><a href=\"https:\/\/conserbil.esteri.it\/wp-content\/uploads\/2023\/07\/CURE-MEDICHE.odt\"><u>CURE MEDICHE<\/u><\/a><\/li>\n<\/ul>\n<p>&nbsp;<\/p>\n<p><strong>Per le altre tipologie di visto si invita a consultare il sito \u201c<u><a href=\"https:\/\/vistoperitalia.esteri.it\/home\/en\">Il Visto per l&#8217;Italia<\/a>\u201d <\/u>del Ministero degli Affari Esteri e della Cooperazione Internazionale <\/strong><strong>ovvero a chiedere informazioni al Consolato scrivendo a <\/strong><a href=\"mailto:erbil.visti@esteri.it\"><strong>erbil.visti@esteri.it<\/strong><\/a><strong>.<\/strong><\/p>\n<p>&nbsp;<\/p>\n<p><strong>MODULISTICA USATA PIU\u2019 FREQUENTEMENTE<\/strong><\/p>\n<p><u>&#8211; <a href=\"https:\/\/conserbil.esteri.it\/wp-content\/uploads\/2023\/07\/Form-schengen_visa_application.docx\">Modulo Visto Schengen<\/a> (fino a 90 gg)<\/u><\/p>\n<p><u>&#8211; <a href=\"https:\/\/conserbil.esteri.it\/wp-content\/uploads\/2023\/07\/Form-richiesta_visto_nazionale.docx\">Modulo Visto Nazionale<\/a> (oltre 90 gg)<\/u><\/p>\n<p><u>&#8211; <a href=\"https:\/\/conserbil.esteri.it\/wp-content\/uploads\/2023\/07\/invito-affari.pdf\">Lettera d\u2019invito per Affari<\/a><\/u><\/p>\n<p><u>&#8211; <a href=\"https:\/\/conserbil.esteri.it\/wp-content\/uploads\/2023\/07\/lettera_invito_turismo.docx\">Lettera d\u2019invito per Turismo<\/a><\/u><\/p>\n<p>&nbsp;<\/p>\n<p>Il modulo di domanda per visto Schengen di breve soggiorno pu\u00f2 altres\u00ec essere compilato online all\u2019indirizzo <a href=\"http:\/\/e-applicationvisa.esteri.it\/\">http:\/\/e-applicationvisa.esteri.it<\/a> .<\/p>\n","protected":false},"excerpt":{"rendered":"CONTATTI DELL\u2019UFFICIO VISTI Si pu\u00f2 entrare in contatto telefonico con l\u2019Ufficio Visti tutti i giorni, dalla domenica al gioved\u00ec, dalle ore 9.00 alle ore 16.00, tramite il centralino del Consolato al numero: +964.66.2101990\/2. Si suggerisce tuttavia di ricorrere, prioritariamente, alla posta elettronica all\u2019indirizzo: erbil.visti@esteri.it. &nbsp; APERTURA AL PUBBLICO L\u2019Ufficio riceve solo per appuntamento tutti i [&hellip;]","protected":false},"author":5,"featured_media":0,"parent":95,"menu_order":0,"comment_status":"closed","ping_status":"closed","template":"","meta":{"footnotes":""},"class_list":["post-320","page","type-page","status-publish","hentry"],"_links":{"self":[{"href":"https:\/\/conserbil.esteri.it\/it\/wp-json\/wp\/v2\/pages\/320","targetHints":{"allow":["GET"]}}],"collection":[{"href":"https:\/\/conserbil.esteri.it\/it\/wp-json\/wp\/v2\/pages"}],"about":[{"href":"https:\/\/conserbil.esteri.it\/it\/wp-json\/wp\/v2\/types\/page"}],"author":[{"embeddable":true,"href":"https:\/\/conserbil.esteri.it\/it\/wp-json\/wp\/v2\/users\/5"}],"replies":[{"embeddable":true,"href":"https:\/\/conserbil.esteri.it\/it\/wp-json\/wp\/v2\/comments?post=320"}],"version-history":[{"count":6,"href":"https:\/\/conserbil.esteri.it\/it\/wp-json\/wp\/v2\/pages\/320\/revisions"}],"predecessor-version":[{"id":593,"href":"https:\/\/conserbil.esteri.it\/it\/wp-json\/wp\/v2\/pages\/320\/revisions\/593"}],"up":[{"embeddable":true,"href":"https:\/\/conserbil.esteri.it\/it\/wp-json\/wp\/v2\/pages\/95"}],"wp:attachment":[{"href":"https:\/\/conserbil.esteri.it\/it\/wp-json\/wp\/v2\/media?parent=320"}],"curies":[{"name":"wp","href":"https:\/\/api.w.org\/{rel}","templated":true}]}}