{"id":289,"date":"2023-07-16T14:03:42","date_gmt":"2023-07-16T11:03:42","guid":{"rendered":"https:\/\/conserbil.esteri.it\/?page_id=289"},"modified":"2025-12-28T10:52:43","modified_gmt":"2025-12-28T07:52:43","slug":"festivita","status":"publish","type":"page","link":"https:\/\/conserbil.esteri.it\/it\/chi-siamo\/gli-uffici\/festivita\/","title":{"rendered":"Festivita`"},"content":{"rendered":"<p><strong>Festivit\u00e0 2026<\/strong><\/p>\n<p>Nel corso del 2025 questo Consolato Generale sar\u00e0 chiuso per alcune festivit\u00e0 italiane e del Kurdistan in base al seguente calendario:<\/p>\n<p>1 gennaio &#8211; Capodanno<\/p>\n<p>20 marzo &#8211; Eid Al-Fitr<\/p>\n<p>21 marzo &#8211; Nawroz (capodanno curdo)<\/p>\n<p>5 aprile &#8211; Pasqua<\/p>\n<p>6 aprile &#8211; Luned\u00ec di Pasqua<\/p>\n<p>1 maggio &#8211; Festa del Lavoro<\/p>\n<p>27 maggio &#8211; Eid Al-Adha<\/p>\n<p>2 giugno &#8211; Festa Nazionale della Repubblica<\/p>\n<p>15 agosto &#8211; Assunzione della B. V. Maria<\/p>\n<p>4 ottobre &#8211; Festa Nazionale di S. Francesco d&#8217;Assisi<\/p>\n<p>25 dicembre &#8211; Natale<\/p>\n<p>26 dicembre &#8211; Santo Stefano<\/p>\n","protected":false},"excerpt":{"rendered":"Festivit\u00e0 2026 Nel corso del 2025 questo Consolato Generale sar\u00e0 chiuso per alcune festivit\u00e0 italiane e del Kurdistan in base al seguente calendario: 1 gennaio &#8211; Capodanno 20 marzo &#8211; Eid Al-Fitr 21 marzo &#8211; Nawroz (capodanno curdo) 5 aprile &#8211; Pasqua 6 aprile &#8211; Luned\u00ec di Pasqua 1 maggio &#8211; Festa del Lavoro 27 [&hellip;]","protected":false},"author":3,"featured_media":0,"parent":36,"menu_order":1,"comment_status":"closed","ping_status":"closed","template":"","meta":{"footnotes":""},"class_list":["post-289","page","type-page","status-publish","hentry"],"_links":{"self":[{"href":"https:\/\/conserbil.esteri.it\/it\/wp-json\/wp\/v2\/pages\/289","targetHints":{"allow":["GET"]}}],"collection":[{"href":"https:\/\/conserbil.esteri.it\/it\/wp-json\/wp\/v2\/pages"}],"about":[{"href":"https:\/\/conserbil.esteri.it\/it\/wp-json\/wp\/v2\/types\/page"}],"author":[{"embeddable":true,"href":"https:\/\/conserbil.esteri.it\/it\/wp-json\/wp\/v2\/users\/3"}],"replies":[{"embeddable":true,"href":"https:\/\/conserbil.esteri.it\/it\/wp-json\/wp\/v2\/comments?post=289"}],"version-history":[{"count":5,"href":"https:\/\/conserbil.esteri.it\/it\/wp-json\/wp\/v2\/pages\/289\/revisions"}],"predecessor-version":[{"id":2299,"href":"https:\/\/conserbil.esteri.it\/it\/wp-json\/wp\/v2\/pages\/289\/revisions\/2299"}],"up":[{"embeddable":true,"href":"https:\/\/conserbil.esteri.it\/it\/wp-json\/wp\/v2\/pages\/36"}],"wp:attachment":[{"href":"https:\/\/conserbil.esteri.it\/it\/wp-json\/wp\/v2\/media?parent=289"}],"curies":[{"name":"wp","href":"https:\/\/api.w.org\/{rel}","templated":true}]}}